{"id":88,"date":"2025-04-23T19:30:33","date_gmt":"2025-04-23T17:30:33","guid":{"rendered":"https:\/\/aofinance.pl\/?page_id=88"},"modified":"2025-04-23T19:33:17","modified_gmt":"2025-04-23T17:33:17","slug":"88-2","status":"publish","type":"page","link":"https:\/\/aofinance.pl\/","title":{"rendered":""},"content":{"rendered":"\n<p class=\"has-text-align-center has-quaternary-color has-text-color has-link-color wp-elements-489f4ddd5efc819a2c94bc5a29803d14\">Nazywam si\u0119 Aneta Ochramowicz i od ponad 10 lat wspieram przedsi\u0119biorc\u00f3w w zakresie ksi\u0119gowo\u015bci i rachunkowo\u015bci.<\/p>\n\n\n\n<p><\/p>\n\n\n\n<p class=\"has-text-align-center has-quaternary-color has-text-color has-link-color wp-elements-5b92a4e2523c90cf706c1671f80e7e6b\">Od ponad 10 lat s\u0142u\u017c\u0119 pomoc\u0105 w prowadzeniu ksi\u0119gowo\u015bci dla dzia\u0142alno\u015bci gospodarczych, jak i sp\u00f3\u0142ek handlowych.<\/p>\n\n\n\n<p class=\"has-text-align-center has-quaternary-color has-text-color has-link-color wp-elements-d244d274ed4117702a51b815e3fc2ff7\">Wieloletnie do\u015bwiadczenie wykorzystuj\u0119 z korzy\u015bci\u0105 dla moich klient\u00f3w. Moim priorytetem jest bezpiecze\u0144stwo finansowe i sukces Twojej firmy.<\/p>\n\n\n\n<p class=\"has-text-align-center has-quaternary-color has-text-color has-link-color wp-elements-43bdc8ecca5cd21c63f8116c3ae28d9c\">U mnie za\u0142o\u017cysz firm\u0119, skorzystasz z\u00a0profesjonalnej i\u00a0rzetelnej ksi\u0119gowo\u015bci oraz\u00a0z\u00a0innych us\u0142ug wspomagaj\u0105cych Tw\u00f3j biznes.<\/p>\n\n\n\n<p><\/p>\n","protected":false},"excerpt":{"rendered":"<p>Nazywam si\u0119 Aneta Ochramowicz i od ponad 10 lat wspieram przedsi\u0119biorc\u00f3w w zakresie ksi\u0119gowo\u015bci i rachunkowo\u015bci. Od ponad 10 lat s\u0142u\u017c\u0119 pomoc\u0105 w prowadzeniu ksi\u0119gowo\u015bci dla dzia\u0142alno\u015bci gospodarczych, jak i sp\u00f3\u0142ek handlowych. Wieloletnie do\u015bwiadczenie wykorzystuj\u0119 z korzy\u015bci\u0105 dla moich klient\u00f3w. Moim priorytetem jest bezpiecze\u0144stwo finansowe i sukces Twojej firmy. U mnie za\u0142o\u017cysz firm\u0119, skorzystasz z\u00a0profesjonalnej [&hellip;]<\/p>\n","protected":false},"author":1,"featured_media":0,"parent":0,"menu_order":0,"comment_status":"closed","ping_status":"closed","template":"","meta":{"hide_page_title":"","footnotes":""},"class_list":["post-88","page","type-page","status-publish","hentry"],"_links":{"self":[{"href":"https:\/\/aofinance.pl\/index.php\/wp-json\/wp\/v2\/pages\/88","targetHints":{"allow":["GET"]}}],"collection":[{"href":"https:\/\/aofinance.pl\/index.php\/wp-json\/wp\/v2\/pages"}],"about":[{"href":"https:\/\/aofinance.pl\/index.php\/wp-json\/wp\/v2\/types\/page"}],"author":[{"embeddable":true,"href":"https:\/\/aofinance.pl\/index.php\/wp-json\/wp\/v2\/users\/1"}],"replies":[{"embeddable":true,"href":"https:\/\/aofinance.pl\/index.php\/wp-json\/wp\/v2\/comments?post=88"}],"version-history":[{"count":3,"href":"https:\/\/aofinance.pl\/index.php\/wp-json\/wp\/v2\/pages\/88\/revisions"}],"predecessor-version":[{"id":91,"href":"https:\/\/aofinance.pl\/index.php\/wp-json\/wp\/v2\/pages\/88\/revisions\/91"}],"wp:attachment":[{"href":"https:\/\/aofinance.pl\/index.php\/wp-json\/wp\/v2\/media?parent=88"}],"curies":[{"name":"wp","href":"https:\/\/api.w.org\/{rel}","templated":true}]}}