{"id":43,"date":"2025-03-19T19:42:04","date_gmt":"2025-03-19T18:42:04","guid":{"rendered":"https:\/\/aofinance.pl\/?page_id=43"},"modified":"2025-04-23T19:42:31","modified_gmt":"2025-04-23T17:42:31","slug":"kontakt","status":"publish","type":"page","link":"https:\/\/aofinance.pl\/index.php\/kontakt\/","title":{"rendered":"Kontakt"},"content":{"rendered":"\n<p class=\"has-text-align-center has-quaternary-color has-text-color has-link-color wp-elements-64c85b82b483f9712fb3ff30eaed1026\" style=\"font-style:normal;font-weight:700\"><br><strong>A&amp;O FINANCE SP\u00d3\u0141KA Z OGRANICZON\u0104 ODPOWIEDZIALNO\u015aCI\u0104,<\/strong><br>z siedzib\u0105 w Warszawie, ul.&nbsp; Aluzyjna 21G\/601, 03-149 Warszawa<\/p>\n\n\n\n<p><\/p>\n\n\n\n<p class=\"has-text-align-center has-quaternary-color has-text-color has-link-color wp-elements-363ec63de8a7dd62e705defb04f24179\" style=\"font-style:normal;font-weight:700\"> KRS 0001161029, NIP 5243033686, REGON 541146667<\/p>\n\n\n\n<p><\/p>\n\n\n\n<p class=\"has-text-align-center has-quaternary-color has-text-color has-link-color wp-elements-aa0ed375eddac222f71d797220819826\" style=\"font-style:normal;font-weight:700\">mail: ksiegowosc@aofinance.pl<\/p>\n\n\n\n<p class=\"has-text-align-center has-quaternary-color has-text-color has-link-color wp-elements-5f5733c9f21e171373b8b8a0dc19db73\" style=\"font-style:normal;font-weight:700\">telefon: 504-371-398<\/p>\n","protected":false},"excerpt":{"rendered":"<p>A&amp;O FINANCE SP\u00d3\u0141KA Z OGRANICZON\u0104 ODPOWIEDZIALNO\u015aCI\u0104,z siedzib\u0105 w Warszawie, ul.&nbsp; Aluzyjna 21G\/601, 03-149 Warszawa KRS 0001161029, NIP 5243033686, REGON 541146667 mail: ksiegowosc@aofinance.pl telefon: 504-371-398<\/p>\n","protected":false},"author":1,"featured_media":0,"parent":0,"menu_order":0,"comment_status":"closed","ping_status":"closed","template":"","meta":{"hide_page_title":"","footnotes":""},"class_list":["post-43","page","type-page","status-publish","hentry"],"_links":{"self":[{"href":"https:\/\/aofinance.pl\/index.php\/wp-json\/wp\/v2\/pages\/43","targetHints":{"allow":["GET"]}}],"collection":[{"href":"https:\/\/aofinance.pl\/index.php\/wp-json\/wp\/v2\/pages"}],"about":[{"href":"https:\/\/aofinance.pl\/index.php\/wp-json\/wp\/v2\/types\/page"}],"author":[{"embeddable":true,"href":"https:\/\/aofinance.pl\/index.php\/wp-json\/wp\/v2\/users\/1"}],"replies":[{"embeddable":true,"href":"https:\/\/aofinance.pl\/index.php\/wp-json\/wp\/v2\/comments?post=43"}],"version-history":[{"count":4,"href":"https:\/\/aofinance.pl\/index.php\/wp-json\/wp\/v2\/pages\/43\/revisions"}],"predecessor-version":[{"id":101,"href":"https:\/\/aofinance.pl\/index.php\/wp-json\/wp\/v2\/pages\/43\/revisions\/101"}],"wp:attachment":[{"href":"https:\/\/aofinance.pl\/index.php\/wp-json\/wp\/v2\/media?parent=43"}],"curies":[{"name":"wp","href":"https:\/\/api.w.org\/{rel}","templated":true}]}}